{"id":12229,"date":"2018-09-14T14:04:06","date_gmt":"2018-09-14T12:04:06","guid":{"rendered":"https:\/\/idrettsskolene.no\/nidaros\/?page_id=12229"},"modified":"2025-09-30T13:26:53","modified_gmt":"2025-09-30T11:26:53","slug":"personvernerklaering","status":"publish","type":"page","link":"https:\/\/idrettsskolene.no\/nidaros\/personvernerklaering\/","title":{"rendered":"Personvernerkl\u00e6ring"},"content":{"rendered":"<p>[et_pb_section][et_pb_row][et_pb_column type=&raquo;4_4&#8243;][et_pb_text]Vi er opptatt av v\u00e5re brukeres personvern og denne personvernerkl\u00e6ringen inneholder informasjon om hvilke opplysninger vi samler inn fra de bes\u00f8kende p\u00e5 v\u00e5re nettsider, og hva vi benytter dem til.<\/p>\n<h3><b>1. Webanalyse og informasjonskapsler (cookies)<\/b><\/h3>\n<p>Nettsidene benytter seg av tredjeparts informasjonskapsler (cookies) fra Google Analytics, YouTube og selve personvernmodulen (GDPR-aksept). Hensikten er \u00e5 hente statistikk og analyse av nettsiden. Opplysningene blir brukt av oss til \u00e5 forbedre nettstedet og for \u00e5 tilby de bes\u00f8kende en best mulig opplevelse. Vi kan ikke spore dataene til enkeltpersoner.<\/p>\n<p>Eksempler p\u00e5 hva statistikken gir oss svar p\u00e5 er; hvor mange som bes\u00f8ker ulike sider, hvor lenge bes\u00f8ket varer, hvilke nettsteder brukerne kommer fra og hvilke nettlesere som benyttes.\u00a0Vi bruker Google Analytics sin sporingskode som <a href=\"https:\/\/support.google.com\/analytics\/answer\/2763052?hl=en\">anonymiserer IP-adressen<\/a> f\u00f8r informasjonen lagres og bearbeides av Google. Dermed kan ikke den lagrede IP-adressen brukes til \u00e5 identifisere den enkelte brukeren.<\/p>\n<p>Dersom du ikke \u00f8nsker \u00e5 akseptere informasjonskapsler m\u00e5 du selv velge \u00e5 endre innstillingene i din nettleser. Merk at denne innstillingen kan f\u00f8re til at mange nettsteder ikke vil fungere som normalt. Anvisninger finnes her: <a href=\"https:\/\/nettvett.no\/slik-administrer-du-informasjonskapsler\/\">https:\/\/nettvett.no\/slik-administrer-du-informasjonskapsler\/<\/a><\/p>\n<h3><b>2. Del\/tips-tjenester<\/b><\/h3>\n<p>Funksjoner for deling av sider kan brukes til \u00e5 videresende lenker til nettstedet p\u00e5 e-post, eller til \u00e5 dele innholdet p\u00e5 sosiale nettsamfunn. Opplysninger om tips logges ikke hos oss, men brukes kun der og da til \u00e5 legge inn tipset hos nettsamfunnet. Vi kan imidlertid ikke garantere at nettsamfunnet ikke logger disse opplysningene.<\/p>\n<h3><b>3. Kontaktinformasjon<\/b><\/h3>\n<p>Nidaros Idrettsungdomsskole<br \/>\nJostein Iversen (Rektor)<br \/>\nE-post: jostein.iversen@idrettsungdomsskolen.no<br \/>\nAdresse: \u00d8stre Rosten 4c, 7075 TILLER<br \/>\nTlf.:\u00a0913 35 045[\/et_pb_text][\/et_pb_column][\/et_pb_row][\/et_pb_section]<\/p>\n","protected":false},"excerpt":{"rendered":"<p><div class=\"et_pb_section et_pb_section_0 et_section_regular\" >\n\t\t\t\t\n\t\t\t\t\n\t\t\t\t\n\t\t\t\t\n\t\t\t\t\n\t\t\t\t\n\t\t\t\t\n\t\t\t\t\n\t\t\t\t\n\t\t\t<\/div><div class=\"et_pb_row et_pb_row_0 et_pb_row_empty\">\n\t\t\t\t\n\t\t\t\t\n\t\t\t\t\n\t\t\t\t\n\t\t\t\t\n\t\t\t<\/div><div class=\"et_pb_module et_pb_text et_pb_text_0  et_pb_text_align_left et_pb_bg_layout_light\">\n\t\t\t\t\n\t\t\t\t\n\t\t\t\t\n\t\t\t\t\n\t\t\t\t\n\t\t\t<\/div>Vi er opptatt av v\u00e5re brukeres personvern og denne personvernerkl\u00e6ringen inneholder informasjon om hvilke opplysninger vi samler inn fra de bes\u00f8kende p\u00e5 v\u00e5re nettsider, og hva vi benytter dem til. 1. Webanalyse og informasjonskapsler (cookies) Nettsidene benytter seg av tredjeparts informasjonskapsler (cookies) fra Google Analytics, YouTube og selve personvernmodulen (GDPR-aksept). Hensikten er \u00e5 hente statistikk og analyse av nettsiden. Opplysningene blir brukt av oss til \u00e5 forbedre nettstedet og for \u00e5 tilby de bes\u00f8kende en best mulig opplevelse. Vi kan ikke spore dataene til enkeltpersoner. Eksempler p\u00e5 hva statistikken gir oss svar p\u00e5 er; hvor mange som bes\u00f8ker ulike sider, hvor lenge bes\u00f8ket varer, hvilke nettsteder brukerne kommer fra og hvilke nettlesere som benyttes.\u00a0Vi bruker Google Analytics sin sporingskode som<\/p>\n<div class=\"view-full-post\"><a href=\"https:\/\/idrettsskolene.no\/nidaros\/personvernerklaering\/\" class=\"view-full-post-btn\">View Full Post<\/a><\/div>\n<p>;<\/p>\n","protected":false},"author":1,"featured_media":0,"parent":0,"menu_order":0,"comment_status":"closed","ping_status":"closed","template":"","meta":{"_acf_changed":false,"_et_pb_use_builder":"on","_et_pb_old_content":"Vi er opptatt av v\u00e5re brukeres personvern og denne personvernerkl\u00e6ringen inneholder informasjon om hvilke opplysninger vi samler inn fra de bes\u00f8kende p\u00e5 v\u00e5re nettsider, og hva vi benytter dem til.\r\n<h3><b>1. Webanalyse og informasjonskapsler (cookies)<\/b><\/h3>\r\nNettsidene benytter seg av tredjeparts informasjonskapsler (cookies) fra Google Analytics, YouTube og selve personvernmodulen (GDPR-aksept). Hensikten er \u00e5 hente statistikk og analyse av nettsiden. Opplysningene blir brukt av oss til \u00e5 forbedre nettstedet og for \u00e5 tilby de bes\u00f8kende en best mulig opplevelse. Vi kan ikke spore dataene til enkeltpersoner.\r\n\r\nEksempler p\u00e5 hva statistikken gir oss svar p\u00e5 er; hvor mange som bes\u00f8ker ulike sider, hvor lenge bes\u00f8ket varer, hvilke nettsteder brukerne kommer fra og hvilke nettlesere som benyttes.\u00a0Vi bruker Google Analytics sin sporingskode som <a href=\"https:\/\/support.google.com\/analytics\/answer\/2763052?hl=en\">anonymiserer IP-adressen<\/a> f\u00f8r informasjonen lagres og bearbeides av Google. Dermed kan ikke den lagrede IP-adressen brukes til \u00e5 identifisere den enkelte brukeren.\r\n\r\nDersom du ikke \u00f8nsker \u00e5 akseptere informasjonskapsler m\u00e5 du selv velge \u00e5 endre innstillingene i din nettleser. Merk at denne innstillingen kan f\u00f8re til at mange nettsteder ikke vil fungere som normalt. Anvisninger finnes her: <a href=\"https:\/\/nettvett.no\/slik-administrer-du-informasjonskapsler\/\">https:\/\/nettvett.no\/slik-administrer-du-informasjonskapsler\/<\/a>\r\n<h3><b>2. Del\/tips-tjenester<\/b><\/h3>\r\nFunksjoner for deling av sider kan brukes til \u00e5 videresende lenker til nettstedet p\u00e5 e-post, eller til \u00e5 dele innholdet p\u00e5 sosiale nettsamfunn. Opplysninger om tips logges ikke hos oss, men brukes kun der og da til \u00e5 legge inn tipset hos nettsamfunnet. Vi kan imidlertid ikke garantere at nettsamfunnet ikke logger disse opplysningene.\r\n<h3><b>3. Kontaktinformasjon<\/b><\/h3>\r\nNidaros Idrettsungdomsskole\r\nJostein Iversen (Rektor)\r\nE-post: jostein.iversen@idrettsungdomsskolen.no\r\nAdresse: \u00d8stre Rosten 4c, 7075 TILLER\r\nTlf.:\u00a0913 35 045","_et_gb_content_width":"","inline_featured_image":false,"footnotes":""},"class_list":["post-12229","page","type-page","status-publish","hentry"],"acf":[],"yoast_head":"<!-- This site is optimized with the Yoast SEO plugin v27.0 - https:\/\/yoast.com\/product\/yoast-seo-wordpress\/ -->\n<title>Personvernerkl\u00e6ring - Nidaros Idrettsungdomsskole<\/title>\n<meta name=\"robots\" content=\"index, follow, max-snippet:-1, max-image-preview:large, max-video-preview:-1\" \/>\n<link rel=\"canonical\" href=\"https:\/\/idrettsskolene.no\/nidaros\/personvernerklaering\/\" \/>\n<meta property=\"og:locale\" content=\"nb_NO\" \/>\n<meta property=\"og:type\" content=\"article\" \/>\n<meta property=\"og:title\" content=\"Personvernerkl\u00e6ring - Nidaros Idrettsungdomsskole\" \/>\n<meta property=\"og:description\" content=\"Vi er opptatt av v\u00e5re brukeres personvern og denne personvernerkl\u00e6ringen inneholder informasjon om hvilke opplysninger vi samler inn fra de bes\u00f8kende p\u00e5 v\u00e5re nettsider, og hva vi benytter dem til. 1. Webanalyse og informasjonskapsler (cookies) Nettsidene benytter seg av tredjeparts informasjonskapsler (cookies) fra Google Analytics, YouTube og selve personvernmodulen (GDPR-aksept). Hensikten er \u00e5 hente statistikk og analyse av nettsiden. Opplysningene blir brukt av oss til \u00e5 forbedre nettstedet og for \u00e5 tilby de bes\u00f8kende en best mulig opplevelse. Vi kan ikke spore dataene til enkeltpersoner. Eksempler p\u00e5 hva statistikken gir oss svar p\u00e5 er; hvor mange som bes\u00f8ker ulike sider, hvor lenge bes\u00f8ket varer, hvilke nettsteder brukerne kommer fra og hvilke nettlesere som benyttes.\u00a0Vi bruker Google Analytics sin sporingskode som View Full Post ;\" \/>\n<meta property=\"og:url\" content=\"https:\/\/idrettsskolene.no\/nidaros\/personvernerklaering\/\" \/>\n<meta property=\"og:site_name\" content=\"Nidaros Idrettsungdomsskole\" \/>\n<meta property=\"article:publisher\" content=\"https:\/\/www.facebook.com\/NidarosIdrettsungdomsskole\" \/>\n<meta property=\"article:modified_time\" content=\"2025-09-30T11:26:53+00:00\" \/>\n<meta property=\"og:image\" content=\"https:\/\/idrettsskolene.no\/nidaros\/wp-content\/uploads\/sites\/2\/2015\/09\/basket.jpg\" \/>\n\t<meta property=\"og:image:width\" content=\"1308\" \/>\n\t<meta property=\"og:image:height\" content=\"911\" \/>\n\t<meta property=\"og:image:type\" content=\"image\/jpeg\" \/>\n<meta name=\"twitter:card\" content=\"summary_large_image\" \/>\n<meta name=\"twitter:label1\" content=\"Ansl. lesetid\" \/>\n\t<meta name=\"twitter:data1\" content=\"2 minutter\" \/>\n<script type=\"application\/ld+json\" class=\"yoast-schema-graph\">{\"@context\":\"https:\/\/schema.org\",\"@graph\":[{\"@type\":\"WebPage\",\"@id\":\"https:\/\/idrettsskolene.no\/nidaros\/personvernerklaering\/\",\"url\":\"https:\/\/idrettsskolene.no\/nidaros\/personvernerklaering\/\",\"name\":\"Personvernerkl\u00e6ring - Nidaros Idrettsungdomsskole\",\"isPartOf\":{\"@id\":\"https:\/\/idrettsskolene.no\/nidaros\/#website\"},\"datePublished\":\"2018-09-14T12:04:06+00:00\",\"dateModified\":\"2025-09-30T11:26:53+00:00\",\"breadcrumb\":{\"@id\":\"https:\/\/idrettsskolene.no\/nidaros\/personvernerklaering\/#breadcrumb\"},\"inLanguage\":\"nb-NO\",\"potentialAction\":[{\"@type\":\"ReadAction\",\"target\":[\"https:\/\/idrettsskolene.no\/nidaros\/personvernerklaering\/\"]}]},{\"@type\":\"BreadcrumbList\",\"@id\":\"https:\/\/idrettsskolene.no\/nidaros\/personvernerklaering\/#breadcrumb\",\"itemListElement\":[{\"@type\":\"ListItem\",\"position\":1,\"name\":\"Hjem\",\"item\":\"https:\/\/idrettsskolene.no\/nidaros\/\"},{\"@type\":\"ListItem\",\"position\":2,\"name\":\"Personvernerkl\u00e6ring\"}]},{\"@type\":\"WebSite\",\"@id\":\"https:\/\/idrettsskolene.no\/nidaros\/#website\",\"url\":\"https:\/\/idrettsskolene.no\/nidaros\/\",\"name\":\"Nidaros Idrettsungdomsskole\",\"description\":\"- for deg som \u00f8nsker \u00e5 kombinere skole og idrett\",\"publisher\":{\"@id\":\"https:\/\/idrettsskolene.no\/nidaros\/#organization\"},\"potentialAction\":[{\"@type\":\"SearchAction\",\"target\":{\"@type\":\"EntryPoint\",\"urlTemplate\":\"https:\/\/idrettsskolene.no\/nidaros\/?s={search_term_string}\"},\"query-input\":{\"@type\":\"PropertyValueSpecification\",\"valueRequired\":true,\"valueName\":\"search_term_string\"}}],\"inLanguage\":\"nb-NO\"},{\"@type\":\"Organization\",\"@id\":\"https:\/\/idrettsskolene.no\/nidaros\/#organization\",\"name\":\"Nidaros Idretts\u00adungdomsskole\",\"url\":\"https:\/\/idrettsskolene.no\/nidaros\/\",\"logo\":{\"@type\":\"ImageObject\",\"inLanguage\":\"nb-NO\",\"@id\":\"https:\/\/idrettsskolene.no\/nidaros\/#\/schema\/logo\/image\/\",\"url\":\"https:\/\/idrettsskolene.no\/nidaros\/wp-content\/uploads\/sites\/2\/2015\/10\/nidaros_idrettsungdomsskole_logo_emblem.png\",\"contentUrl\":\"https:\/\/idrettsskolene.no\/nidaros\/wp-content\/uploads\/sites\/2\/2015\/10\/nidaros_idrettsungdomsskole_logo_emblem.png\",\"width\":600,\"height\":600,\"caption\":\"Nidaros Idretts\u00adungdomsskole\"},\"image\":{\"@id\":\"https:\/\/idrettsskolene.no\/nidaros\/#\/schema\/logo\/image\/\"},\"sameAs\":[\"https:\/\/www.facebook.com\/NidarosIdrettsungdomsskole\",\"https:\/\/www.instagram.com\/idrettsungdomsskolen\/\"]}]}<\/script>\n<!-- \/ Yoast SEO plugin. -->","yoast_head_json":{"title":"Personvernerkl\u00e6ring - Nidaros Idrettsungdomsskole","robots":{"index":"index","follow":"follow","max-snippet":"max-snippet:-1","max-image-preview":"max-image-preview:large","max-video-preview":"max-video-preview:-1"},"canonical":"https:\/\/idrettsskolene.no\/nidaros\/personvernerklaering\/","og_locale":"nb_NO","og_type":"article","og_title":"Personvernerkl\u00e6ring - Nidaros Idrettsungdomsskole","og_description":"Vi er opptatt av v\u00e5re brukeres personvern og denne personvernerkl\u00e6ringen inneholder informasjon om hvilke opplysninger vi samler inn fra de bes\u00f8kende p\u00e5 v\u00e5re nettsider, og hva vi benytter dem til. 1. Webanalyse og informasjonskapsler (cookies) Nettsidene benytter seg av tredjeparts informasjonskapsler (cookies) fra Google Analytics, YouTube og selve personvernmodulen (GDPR-aksept). Hensikten er \u00e5 hente statistikk og analyse av nettsiden. Opplysningene blir brukt av oss til \u00e5 forbedre nettstedet og for \u00e5 tilby de bes\u00f8kende en best mulig opplevelse. Vi kan ikke spore dataene til enkeltpersoner. Eksempler p\u00e5 hva statistikken gir oss svar p\u00e5 er; hvor mange som bes\u00f8ker ulike sider, hvor lenge bes\u00f8ket varer, hvilke nettsteder brukerne kommer fra og hvilke nettlesere som benyttes.\u00a0Vi bruker Google Analytics sin sporingskode som View Full Post ;","og_url":"https:\/\/idrettsskolene.no\/nidaros\/personvernerklaering\/","og_site_name":"Nidaros Idrettsungdomsskole","article_publisher":"https:\/\/www.facebook.com\/NidarosIdrettsungdomsskole","article_modified_time":"2025-09-30T11:26:53+00:00","og_image":[{"width":1308,"height":911,"url":"https:\/\/idrettsskolene.no\/nidaros\/wp-content\/uploads\/sites\/2\/2015\/09\/basket.jpg","type":"image\/jpeg"}],"twitter_card":"summary_large_image","twitter_misc":{"Ansl. lesetid":"2 minutter"},"schema":{"@context":"https:\/\/schema.org","@graph":[{"@type":"WebPage","@id":"https:\/\/idrettsskolene.no\/nidaros\/personvernerklaering\/","url":"https:\/\/idrettsskolene.no\/nidaros\/personvernerklaering\/","name":"Personvernerkl\u00e6ring - Nidaros Idrettsungdomsskole","isPartOf":{"@id":"https:\/\/idrettsskolene.no\/nidaros\/#website"},"datePublished":"2018-09-14T12:04:06+00:00","dateModified":"2025-09-30T11:26:53+00:00","breadcrumb":{"@id":"https:\/\/idrettsskolene.no\/nidaros\/personvernerklaering\/#breadcrumb"},"inLanguage":"nb-NO","potentialAction":[{"@type":"ReadAction","target":["https:\/\/idrettsskolene.no\/nidaros\/personvernerklaering\/"]}]},{"@type":"BreadcrumbList","@id":"https:\/\/idrettsskolene.no\/nidaros\/personvernerklaering\/#breadcrumb","itemListElement":[{"@type":"ListItem","position":1,"name":"Hjem","item":"https:\/\/idrettsskolene.no\/nidaros\/"},{"@type":"ListItem","position":2,"name":"Personvernerkl\u00e6ring"}]},{"@type":"WebSite","@id":"https:\/\/idrettsskolene.no\/nidaros\/#website","url":"https:\/\/idrettsskolene.no\/nidaros\/","name":"Nidaros Idrettsungdomsskole","description":"- for deg som \u00f8nsker \u00e5 kombinere skole og idrett","publisher":{"@id":"https:\/\/idrettsskolene.no\/nidaros\/#organization"},"potentialAction":[{"@type":"SearchAction","target":{"@type":"EntryPoint","urlTemplate":"https:\/\/idrettsskolene.no\/nidaros\/?s={search_term_string}"},"query-input":{"@type":"PropertyValueSpecification","valueRequired":true,"valueName":"search_term_string"}}],"inLanguage":"nb-NO"},{"@type":"Organization","@id":"https:\/\/idrettsskolene.no\/nidaros\/#organization","name":"Nidaros Idretts\u00adungdomsskole","url":"https:\/\/idrettsskolene.no\/nidaros\/","logo":{"@type":"ImageObject","inLanguage":"nb-NO","@id":"https:\/\/idrettsskolene.no\/nidaros\/#\/schema\/logo\/image\/","url":"https:\/\/idrettsskolene.no\/nidaros\/wp-content\/uploads\/sites\/2\/2015\/10\/nidaros_idrettsungdomsskole_logo_emblem.png","contentUrl":"https:\/\/idrettsskolene.no\/nidaros\/wp-content\/uploads\/sites\/2\/2015\/10\/nidaros_idrettsungdomsskole_logo_emblem.png","width":600,"height":600,"caption":"Nidaros Idretts\u00adungdomsskole"},"image":{"@id":"https:\/\/idrettsskolene.no\/nidaros\/#\/schema\/logo\/image\/"},"sameAs":["https:\/\/www.facebook.com\/NidarosIdrettsungdomsskole","https:\/\/www.instagram.com\/idrettsungdomsskolen\/"]}]}},"_links":{"self":[{"href":"https:\/\/idrettsskolene.no\/nidaros\/wp-json\/wp\/v2\/pages\/12229","targetHints":{"allow":["GET"]}}],"collection":[{"href":"https:\/\/idrettsskolene.no\/nidaros\/wp-json\/wp\/v2\/pages"}],"about":[{"href":"https:\/\/idrettsskolene.no\/nidaros\/wp-json\/wp\/v2\/types\/page"}],"author":[{"embeddable":true,"href":"https:\/\/idrettsskolene.no\/nidaros\/wp-json\/wp\/v2\/users\/1"}],"replies":[{"embeddable":true,"href":"https:\/\/idrettsskolene.no\/nidaros\/wp-json\/wp\/v2\/comments?post=12229"}],"version-history":[{"count":1,"href":"https:\/\/idrettsskolene.no\/nidaros\/wp-json\/wp\/v2\/pages\/12229\/revisions"}],"predecessor-version":[{"id":13158,"href":"https:\/\/idrettsskolene.no\/nidaros\/wp-json\/wp\/v2\/pages\/12229\/revisions\/13158"}],"wp:attachment":[{"href":"https:\/\/idrettsskolene.no\/nidaros\/wp-json\/wp\/v2\/media?parent=12229"}],"curies":[{"name":"wp","href":"https:\/\/api.w.org\/{rel}","templated":true}]}}